{"id":14795,"date":"2021-09-07T12:43:59","date_gmt":"2021-09-07T09:43:59","guid":{"rendered":"http:\/\/napal.com.tr\/en\/?page_id=14795"},"modified":"2021-09-07T12:53:48","modified_gmt":"2021-09-07T09:53:48","slug":"ecopal-natural","status":"publish","type":"page","link":"https:\/\/napal.com.tr\/en\/ecopal-natural\/","title":{"rendered":"EcoPal\u00ae Natural"},"content":{"rendered":"\t\t<div data-elementor-type=\"wp-page\" data-elementor-id=\"14795\" class=\"elementor elementor-14795\" data-elementor-settings=\"[]\">\n\t\t\t\t\t\t\t<div class=\"elementor-section-wrap\">\n\t\t\t\t\t\t\t<section class=\"ob-is-breaking-bad elementor-section elementor-top-section elementor-element elementor-element-1a22d965 elementor-section-full_width elementor-section-stretched elementor-section-height-default elementor-section-height-default\" data-id=\"1a22d965\" data-element_type=\"section\" data-settings=\"{&quot;stretch_section&quot;:&quot;section-stretched&quot;,&quot;_ob_bbad_use_it&quot;:&quot;yes&quot;,&quot;_ob_bbad_sssic_use&quot;:&quot;no&quot;,&quot;_ob_glider_is_slider&quot;:&quot;no&quot;}\">\n\t\t\t\t\t\t<div class=\"elementor-container elementor-column-gap-default\">\n\t\t\t\t\t<div class=\"elementor-column elementor-col-100 elementor-top-column elementor-element elementor-element-689a4b5c\" data-id=\"689a4b5c\" data-element_type=\"column\" data-settings=\"{&quot;_ob_bbad_is_stalker&quot;:&quot;no&quot;,&quot;_ob_teleporter_use&quot;:false,&quot;_ob_column_hoveranimator&quot;:&quot;no&quot;,&quot;_ob_column_has_pseudo&quot;:&quot;no&quot;}\">\n\t\t\t<div class=\"elementor-widget-wrap elementor-element-populated\">\n\t\t\t\t\t\t\t\t<div class=\"elementor-element elementor-element-7158a3c1 ob-harakiri-inherit elementor-widget elementor-widget-heading\" data-id=\"7158a3c1\" data-element_type=\"widget\" data-settings=\"{&quot;_ob_harakiri_writing_mode&quot;:&quot;inherit&quot;,&quot;_ob_perspektive_use&quot;:&quot;no&quot;,&quot;_ob_shadough_use&quot;:&quot;no&quot;,&quot;_ob_allow_hoveranimator&quot;:&quot;no&quot;,&quot;_ob_widget_stalker_use&quot;:&quot;no&quot;}\" data-widget_type=\"heading.default\">\n\t\t\t\t<div class=\"elementor-widget-container\">\n\t\t\t<h3 class=\"elementor-heading-title elementor-size-default\">S\u00dcRD\u00dcR\u00dcLEB\u0130L\u0130RL\u0130K<\/h3>\t\t<\/div>\n\t\t\t\t<\/div>\n\t\t\t\t\t<\/div>\n\t\t<\/div>\n\t\t\t\t\t\t\t<\/div>\n\t\t<\/section>\n\t\t\t\t<section class=\"ob-is-breaking-bad elementor-section elementor-top-section elementor-element elementor-element-169813c9 elementor-section-full_width elementor-section-height-default elementor-section-height-default\" data-id=\"169813c9\" data-element_type=\"section\" data-settings=\"{&quot;background_background&quot;:&quot;classic&quot;,&quot;_ob_bbad_use_it&quot;:&quot;yes&quot;,&quot;_ob_bbad_sssic_use&quot;:&quot;no&quot;,&quot;_ob_glider_is_slider&quot;:&quot;no&quot;}\">\n\t\t\t\t\t\t<div class=\"elementor-container elementor-column-gap-default\">\n\t\t\t\t\t<div class=\"elementor-column elementor-col-100 elementor-top-column elementor-element elementor-element-351efa62\" data-id=\"351efa62\" data-element_type=\"column\" data-settings=\"{&quot;_ob_bbad_is_stalker&quot;:&quot;no&quot;,&quot;_ob_teleporter_use&quot;:false,&quot;_ob_column_hoveranimator&quot;:&quot;no&quot;,&quot;_ob_column_has_pseudo&quot;:&quot;no&quot;}\">\n\t\t\t<div class=\"elementor-widget-wrap elementor-element-populated\">\n\t\t\t\t\t\t\t\t<div class=\"elementor-element elementor-element-557ba1cf ob-harakiri-inherit elementor-widget elementor-widget-heading\" data-id=\"557ba1cf\" data-element_type=\"widget\" data-settings=\"{&quot;_ob_harakiri_writing_mode&quot;:&quot;inherit&quot;,&quot;_ob_perspektive_use&quot;:&quot;no&quot;,&quot;_ob_shadough_use&quot;:&quot;no&quot;,&quot;_ob_allow_hoveranimator&quot;:&quot;no&quot;,&quot;_ob_widget_stalker_use&quot;:&quot;no&quot;}\" data-widget_type=\"heading.default\">\n\t\t\t\t<div class=\"elementor-widget-container\">\n\t\t\t<h3 class=\"elementor-heading-title elementor-size-default\">EcoPal\u00ae Natural<\/h3>\t\t<\/div>\n\t\t\t\t<\/div>\n\t\t\t\t<div class=\"elementor-element elementor-element-a22fa7 elementor-widget-divider--view-line elementor-widget elementor-widget-divider\" data-id=\"a22fa7\" data-element_type=\"widget\" data-settings=\"{&quot;_ob_perspektive_use&quot;:&quot;no&quot;,&quot;_ob_shadough_use&quot;:&quot;no&quot;,&quot;_ob_allow_hoveranimator&quot;:&quot;no&quot;,&quot;_ob_widget_stalker_use&quot;:&quot;no&quot;}\" data-widget_type=\"divider.default\">\n\t\t\t\t<div class=\"elementor-widget-container\">\n\t\t\t\t\t<div class=\"elementor-divider\">\n\t\t\t<span class=\"elementor-divider-separator\">\n\t\t\t\t\t\t<\/span>\n\t\t<\/div>\n\t\t\t\t<\/div>\n\t\t\t\t<\/div>\n\t\t\t\t\t<\/div>\n\t\t<\/div>\n\t\t\t\t\t\t\t<\/div>\n\t\t<\/section>\n\t\t\t\t<section class=\"ob-is-breaking-bad elementor-section elementor-top-section elementor-element elementor-element-35c23f99 elementor-section-boxed elementor-section-height-default elementor-section-height-default\" data-id=\"35c23f99\" data-element_type=\"section\" data-settings=\"{&quot;background_background&quot;:&quot;classic&quot;,&quot;_ob_bbad_use_it&quot;:&quot;yes&quot;,&quot;_ob_bbad_sssic_use&quot;:&quot;no&quot;,&quot;_ob_glider_is_slider&quot;:&quot;no&quot;}\">\n\t\t\t\t\t\t<div class=\"elementor-container elementor-column-gap-default\">\n\t\t\t\t\t<div class=\"elementor-column elementor-col-100 elementor-top-column elementor-element elementor-element-5383c0e2\" data-id=\"5383c0e2\" data-element_type=\"column\" data-settings=\"{&quot;_ob_bbad_is_stalker&quot;:&quot;no&quot;,&quot;_ob_teleporter_use&quot;:false,&quot;_ob_column_hoveranimator&quot;:&quot;no&quot;,&quot;_ob_column_has_pseudo&quot;:&quot;no&quot;}\">\n\t\t\t<div class=\"elementor-widget-wrap elementor-element-populated\">\n\t\t\t\t\t\t\t\t<div class=\"elementor-element elementor-element-7902c88d elementor-widget elementor-widget-spacer\" data-id=\"7902c88d\" data-element_type=\"widget\" data-settings=\"{&quot;_ob_spacerat_use&quot;:&quot;no&quot;,&quot;_ob_perspektive_use&quot;:&quot;no&quot;,&quot;_ob_shadough_use&quot;:&quot;no&quot;,&quot;_ob_allow_hoveranimator&quot;:&quot;no&quot;,&quot;_ob_widget_stalker_use&quot;:&quot;no&quot;}\" data-widget_type=\"spacer.default\">\n\t\t\t\t<div class=\"elementor-widget-container\">\n\t\t\t\t\t<div class=\"elementor-spacer\">\n\t\t\t<div class=\"elementor-spacer-inner\"><\/div>\n\t\t<\/div>\n\t\t\t\t<\/div>\n\t\t\t\t<\/div>\n\t\t\t\t<div class=\"elementor-element elementor-element-6f8775d9 elementor-widget elementor-widget-spacer\" data-id=\"6f8775d9\" data-element_type=\"widget\" data-settings=\"{&quot;_ob_spacerat_use&quot;:&quot;no&quot;,&quot;_ob_perspektive_use&quot;:&quot;no&quot;,&quot;_ob_shadough_use&quot;:&quot;no&quot;,&quot;_ob_allow_hoveranimator&quot;:&quot;no&quot;,&quot;_ob_widget_stalker_use&quot;:&quot;no&quot;}\" data-widget_type=\"spacer.default\">\n\t\t\t\t<div class=\"elementor-widget-container\">\n\t\t\t\t\t<div class=\"elementor-spacer\">\n\t\t\t<div class=\"elementor-spacer-inner\"><\/div>\n\t\t<\/div>\n\t\t\t\t<\/div>\n\t\t\t\t<\/div>\n\t\t\t\t<div class=\"elementor-element elementor-element-75347210 ob-harakiri-inherit elementor-widget elementor-widget-text-editor\" data-id=\"75347210\" data-element_type=\"widget\" data-settings=\"{&quot;_ob_harakiri_writing_mode&quot;:&quot;inherit&quot;,&quot;_ob_perspektive_use&quot;:&quot;no&quot;,&quot;_ob_shadough_use&quot;:&quot;no&quot;,&quot;_ob_allow_hoveranimator&quot;:&quot;no&quot;,&quot;_ob_widget_stalker_use&quot;:&quot;no&quot;}\" data-widget_type=\"text-editor.default\">\n\t\t\t\t<div class=\"elementor-widget-container\">\n\t\t\t\t\t\t\t\t<p><strong>Ecopal<sup>\u00ae<\/sup> Naturel, m\u00fc\u015fterilerimize pazarda rekabet sa\u011flamas\u0131 ve s\u00fcrd\u00fcr\u00fclebilirlik talebini kar\u015f\u0131lamak i\u00e7in geli\u015ftirdi\u011fimiz y\u00fcksek teknoloji \u00fcr\u00fcn\u00fc nonwovenlar\u0131m\u0131zd\u0131r. Bitki bazl\u0131 ve Plastik i\u00e7ermeyen hammaddelerin kompozlar\u0131ndan olu\u015fur.Bu da onu nihai t\u00fcketicin ve pazar\u0131n talep etti\u011fi, Do\u011fal, Saf, Ultra yumu\u015fak ve \u00c7evreye sayg\u0131l\u0131 bir \u00fcr\u00fcn yapar. Bebek ve ki\u015fisel bak\u0131m mendillerinde arzu edilen y\u00fcksek kalite, ultra yumu\u015fak ve cilde dost yap\u0131s\u0131 ile her ya\u015ftan t\u00fcketicinin hijyen ve temizlik ihtiya\u00e7lar\u0131n\u0131 kar\u015f\u0131larken, y\u00fcksek performans sunar.<\/strong><\/p>\t\t\t\t\t\t<\/div>\n\t\t\t\t<\/div>\n\t\t\t\t<div class=\"elementor-element elementor-element-e0041e2 elementor-widget elementor-widget-image\" data-id=\"e0041e2\" data-element_type=\"widget\" data-settings=\"{&quot;_ob_photomorph_use&quot;:&quot;no&quot;,&quot;_ob_perspektive_use&quot;:&quot;no&quot;,&quot;_ob_shadough_use&quot;:&quot;no&quot;,&quot;_ob_allow_hoveranimator&quot;:&quot;no&quot;,&quot;_ob_widget_stalker_use&quot;:&quot;no&quot;}\" data-widget_type=\"image.default\">\n\t\t\t\t<div class=\"elementor-widget-container\">\n\t\t\t\t\t\t\t\t\t\t\t\t\t\t\t<img loading=\"lazy\" decoding=\"async\" width=\"640\" height=\"462\" src=\"https:\/\/napal.com.tr\/en\/wp-content\/uploads\/2021\/09\/eco-natural-1024x739.jpg\" class=\"attachment-large size-large\" alt=\"\" srcset=\"https:\/\/napal.com.tr\/en\/wp-content\/uploads\/2021\/09\/eco-natural-1024x739.jpg 1024w, https:\/\/napal.com.tr\/en\/wp-content\/uploads\/2021\/09\/eco-natural-300x216.jpg 300w, https:\/\/napal.com.tr\/en\/wp-content\/uploads\/2021\/09\/eco-natural-768x554.jpg 768w, https:\/\/napal.com.tr\/en\/wp-content\/uploads\/2021\/09\/eco-natural-600x433.jpg 600w, https:\/\/napal.com.tr\/en\/wp-content\/uploads\/2021\/09\/eco-natural.jpg 1389w\" sizes=\"auto, (max-width: 640px) 100vw, 640px\" \/>\t\t\t\t\t\t\t\t\t\t\t\t\t\t\t<\/div>\n\t\t\t\t<\/div>\n\t\t\t\t<div class=\"elementor-element elementor-element-7d570cb1 ob-harakiri-inherit elementor-widget elementor-widget-text-editor\" data-id=\"7d570cb1\" data-element_type=\"widget\" data-settings=\"{&quot;_ob_harakiri_writing_mode&quot;:&quot;inherit&quot;,&quot;_ob_perspektive_use&quot;:&quot;no&quot;,&quot;_ob_shadough_use&quot;:&quot;no&quot;,&quot;_ob_allow_hoveranimator&quot;:&quot;no&quot;,&quot;_ob_widget_stalker_use&quot;:&quot;no&quot;}\" data-widget_type=\"text-editor.default\">\n\t\t\t\t<div class=\"elementor-widget-container\">\n\t\t\t\t\t\t\t\t<p><strong>Ecopal\u00a0<sup>\u00ae<\/sup> Naturel \u00a0Bitki Bazl\u0131 ve s\u00fcrd\u00fcr\u00fclebilir kaynaklardan elde edilen hammaddeler kullan\u0131l\u0131r.<\/strong><\/p><p><strong>Ecopal<sup>\u00ae<\/sup> \u00a0Naturel\u00a0 Bebek ve ki\u015fisel bak\u0131m pazar\u0131n\u0131n taleplerini kar\u015f\u0131lamak i\u00e7in iyi bir se\u00e7im haline gelir; Bitki bazl\u0131 ,Plastiksiz, Biyolojik olarak par\u00e7alanabilir hammaddelerden olu\u015fan nowovenlar\u0131m\u0131z, \u00c7evre dostu ve d\u00fcrd\u00fcr\u00fclebilir \u00f6zelliklerine sahiptir.<\/strong><\/p><p><strong>De\u011fi\u015fen ve s\u00fcrekli b\u00fcy\u00fcyen Nonwoven Pazar\u0131n\u0131n talepleri sonucunda Napal; Do\u011fal, optimum temizleme ve Ultra yumu\u015fak gereksinimlerini kar\u015f\u0131layan bir \u00fcr\u00fcn Pazar sunuyor.<\/strong><\/p><p><strong>Y\u00fcksek s\u0131v\u0131 emilimi, saf ve cilde dost yap\u0131s\u0131, ile standart nonwovenlara k\u0131yasla\u00a0 pazar\u0131n ve t\u00fcketicilerin ultra yumu\u015fakl\u0131k ve s\u00fcrd\u00fcrebilirlik taleplerini kar\u015f\u0131lar.<\/strong><\/p>\t\t\t\t\t\t<\/div>\n\t\t\t\t<\/div>\n\t\t\t\t<div class=\"elementor-element elementor-element-7eb744e8 elementor-widget elementor-widget-spacer\" data-id=\"7eb744e8\" data-element_type=\"widget\" data-settings=\"{&quot;_ob_spacerat_use&quot;:&quot;no&quot;,&quot;_ob_perspektive_use&quot;:&quot;no&quot;,&quot;_ob_shadough_use&quot;:&quot;no&quot;,&quot;_ob_allow_hoveranimator&quot;:&quot;no&quot;,&quot;_ob_widget_stalker_use&quot;:&quot;no&quot;}\" data-widget_type=\"spacer.default\">\n\t\t\t\t<div class=\"elementor-widget-container\">\n\t\t\t\t\t<div class=\"elementor-spacer\">\n\t\t\t<div class=\"elementor-spacer-inner\"><\/div>\n\t\t<\/div>\n\t\t\t\t<\/div>\n\t\t\t\t<\/div>\n\t\t\t\t\t<\/div>\n\t\t<\/div>\n\t\t\t\t\t\t\t<\/div>\n\t\t<\/section>\n\t\t\t\t\t\t<\/div>\n\t\t\t\t\t<\/div>\n\t\t","protected":false},"excerpt":{"rendered":"<p>S\u00dcRD\u00dcR\u00dcLEB\u0130L\u0130RL\u0130K EcoPal\u00ae Natural Ecopal\u00ae Naturel, m\u00fc\u015fterilerimize pazarda rekabet sa\u011flamas\u0131 ve s\u00fcrd\u00fcr\u00fclebilirlik talebini kar\u015f\u0131lamak i\u00e7in geli\u015ftirdi\u011fimiz y\u00fcksek teknoloji \u00fcr\u00fcn\u00fc nonwovenlar\u0131m\u0131zd\u0131r. Bitki bazl\u0131 ve Plastik i\u00e7ermeyen hammaddelerin kompozlar\u0131ndan olu\u015fur.Bu da onu nihai t\u00fcketicin ve pazar\u0131n talep etti\u011fi, Do\u011fal, Saf, Ultra yumu\u015fak ve \u00c7evreye sayg\u0131l\u0131 bir \u00fcr\u00fcn yapar. Bebek ve ki\u015fisel bak\u0131m mendillerinde arzu edilen y\u00fcksek kalite, ultra&#8230;<\/p>\n","protected":false},"author":1,"featured_media":0,"parent":0,"menu_order":0,"comment_status":"closed","ping_status":"closed","template":"","meta":{"_monsterinsights_skip_tracking":false,"_monsterinsights_sitenote_active":false,"_monsterinsights_sitenote_note":"","_monsterinsights_sitenote_category":0,"footnotes":""},"class_list":["post-14795","page","type-page","status-publish","hentry"],"_links":{"self":[{"href":"https:\/\/napal.com.tr\/en\/wp-json\/wp\/v2\/pages\/14795","targetHints":{"allow":["GET"]}}],"collection":[{"href":"https:\/\/napal.com.tr\/en\/wp-json\/wp\/v2\/pages"}],"about":[{"href":"https:\/\/napal.com.tr\/en\/wp-json\/wp\/v2\/types\/page"}],"author":[{"embeddable":true,"href":"https:\/\/napal.com.tr\/en\/wp-json\/wp\/v2\/users\/1"}],"replies":[{"embeddable":true,"href":"https:\/\/napal.com.tr\/en\/wp-json\/wp\/v2\/comments?post=14795"}],"version-history":[{"count":7,"href":"https:\/\/napal.com.tr\/en\/wp-json\/wp\/v2\/pages\/14795\/revisions"}],"predecessor-version":[{"id":14804,"href":"https:\/\/napal.com.tr\/en\/wp-json\/wp\/v2\/pages\/14795\/revisions\/14804"}],"wp:attachment":[{"href":"https:\/\/napal.com.tr\/en\/wp-json\/wp\/v2\/media?parent=14795"}],"curies":[{"name":"wp","href":"https:\/\/api.w.org\/{rel}","templated":true}]}}